{"id":34,"date":"2025-05-06T10:46:53","date_gmt":"2025-05-06T08:46:53","guid":{"rendered":"http:\/\/sopadola.fr\/?page_id=34"},"modified":"2025-06-28T15:09:53","modified_gmt":"2025-06-28T13:09:53","slug":"les-ateliers","status":"publish","type":"page","link":"http:\/\/sopadola.fr\/?page_id=34","title":{"rendered":"Les ateliers"},"content":{"rendered":"\n<div class=\"wp-block-cover\"><img loading=\"lazy\" decoding=\"async\" width=\"1024\" height=\"576\" class=\"wp-block-cover__image-background wp-image-61\" alt=\"\" src=\"http:\/\/sopadola.fr\/wp-content\/uploads\/2025\/05\/SOPADOLA-4-1024x576.png\" data-object-fit=\"cover\" srcset=\"http:\/\/sopadola.fr\/wp-content\/uploads\/2025\/05\/SOPADOLA-4-1024x576.png 1024w, http:\/\/sopadola.fr\/wp-content\/uploads\/2025\/05\/SOPADOLA-4-300x169.png 300w, http:\/\/sopadola.fr\/wp-content\/uploads\/2025\/05\/SOPADOLA-4-768x432.png 768w, http:\/\/sopadola.fr\/wp-content\/uploads\/2025\/05\/SOPADOLA-4-1536x864.png 1536w, http:\/\/sopadola.fr\/wp-content\/uploads\/2025\/05\/SOPADOLA-4.png 1920w\" sizes=\"auto, (max-width: 1024px) 100vw, 1024px\" \/><span aria-hidden=\"true\" class=\"wp-block-cover__background has-background-dim\"><\/span><div class=\"wp-block-cover__inner-container is-layout-flow wp-block-cover-is-layout-flow\">\n<p class=\"has-text-align-center has-large-font-size\">Les ateliers<\/p>\n<\/div><\/div>\n\n\n\n<h1 class=\"wp-block-heading\">Des projets \u00e9ducatifs, sensoriels et culinaires adapt\u00e9s \u00e0 vos besoins<\/h1>\n\n\n\n<p>Nous animons des temps de sensibilisation, jeux autour de l&#8217;acc\u00e8s \u00e0 l&#8217;alimentation et aux in\u00e9galit\u00e9s<\/p>\n\n\n\n<h2 class=\"wp-block-heading\">Nos publics<\/h2>\n\n\n\n<p>Parce que tous les mangeurs sont diff\u00e9rents, nous adaptons et cr\u00e9ons nos animations \u00e0 chaque public.<\/p>\n\n\n\n<p><\/p>\n\n\n\n<h2 class=\"wp-block-heading\">Vous avez un projet?<\/h2>\n\n\n\n<ul class=\"wp-block-list\">\n<li>Sur-mesure<\/li>\n\n\n\n<li>Participatifs<\/li>\n\n\n\n<li>Flexibles et accessibles \u00e0 tous<\/li>\n<\/ul>\n\n\n\n<div class=\"wp-block-contact-form-7-contact-form-selector\">\n<div class=\"wpcf7 no-js\" id=\"wpcf7-f30-o1\" lang=\"fr-FR\" dir=\"ltr\" data-wpcf7-id=\"30\">\n<div class=\"screen-reader-response\"><p role=\"status\" aria-live=\"polite\" aria-atomic=\"true\"><\/p> <ul><\/ul><\/div>\n<form action=\"\/index.php?rest_route=%2Fwp%2Fv2%2Fpages%2F34#wpcf7-f30-o1\" method=\"post\" class=\"wpcf7-form init\" aria-label=\"Formulaire de contact\" novalidate=\"novalidate\" data-status=\"init\">\n<div style=\"display: none;\">\n<input type=\"hidden\" name=\"_wpcf7\" value=\"30\" \/>\n<input type=\"hidden\" name=\"_wpcf7_version\" value=\"6.0.6\" \/>\n<input type=\"hidden\" name=\"_wpcf7_locale\" value=\"fr_FR\" \/>\n<input type=\"hidden\" name=\"_wpcf7_unit_tag\" value=\"wpcf7-f30-o1\" \/>\n<input type=\"hidden\" name=\"_wpcf7_container_post\" value=\"0\" \/>\n<input type=\"hidden\" name=\"_wpcf7_posted_data_hash\" value=\"\" \/>\n<\/div>\n<p><label> Votre nom<br \/>\n<span class=\"wpcf7-form-control-wrap\" data-name=\"your-name\"><input size=\"40\" maxlength=\"400\" class=\"wpcf7-form-control wpcf7-text wpcf7-validates-as-required\" autocomplete=\"name\" aria-required=\"true\" aria-invalid=\"false\" value=\"\" type=\"text\" name=\"your-name\" \/><\/span> <\/label>\n<\/p>\n<p><label> Votre e-mail<br \/>\n<span class=\"wpcf7-form-control-wrap\" data-name=\"your-email\"><input size=\"40\" maxlength=\"400\" class=\"wpcf7-form-control wpcf7-email wpcf7-validates-as-required wpcf7-text wpcf7-validates-as-email\" autocomplete=\"email\" aria-required=\"true\" aria-invalid=\"false\" value=\"\" type=\"email\" name=\"your-email\" \/><\/span> <\/label>\n<\/p>\n<p><label> Objet<br \/>\n<span class=\"wpcf7-form-control-wrap\" data-name=\"your-subject\"><input size=\"40\" maxlength=\"400\" class=\"wpcf7-form-control wpcf7-text wpcf7-validates-as-required\" aria-required=\"true\" aria-invalid=\"false\" value=\"\" type=\"text\" name=\"your-subject\" \/><\/span> <\/label>\n<\/p>\n<p><label> Votre message<br \/>\n<span class=\"wpcf7-form-control-wrap\" data-name=\"your-message\"><textarea cols=\"40\" rows=\"10\" maxlength=\"2000\" class=\"wpcf7-form-control wpcf7-textarea\" aria-invalid=\"false\" name=\"your-message\"><\/textarea><\/span> <\/label>\n<\/p>\n<p><span class=\"wpcf7-form-control-wrap\" data-name=\"checkbox-958\"><span class=\"wpcf7-form-control wpcf7-checkbox\"><span class=\"wpcf7-list-item first last\"><label><input type=\"checkbox\" name=\"checkbox-958[]\" value=\"je m&#039;abonne \u00e0 la newsletter\" \/><span class=\"wpcf7-list-item-label\">je m&#039;abonne \u00e0 la newsletter<\/span><\/label><\/span><\/span><\/span>\n<\/p>\n<p><input class=\"wpcf7-form-control wpcf7-submit has-spinner\" type=\"submit\" value=\"Envoyer\" \/>\n<\/p><p style=\"display: none !important;\"><label>&#916;<textarea name=\"_wpcf7_ak_hp_textarea\" cols=\"45\" rows=\"8\" maxlength=\"100\"><\/textarea><\/label><input type=\"hidden\" id=\"ak_js_1\" name=\"_wpcf7_ak_js\" value=\"204\"\/><script>document.getElementById( \"ak_js_1\" ).setAttribute( \"value\", ( new Date() ).getTime() );<\/script><\/p><div class=\"wpcf7-response-output\" aria-hidden=\"true\"><\/div>\n<\/form>\n<\/div>\n<\/div>\n","protected":false},"excerpt":{"rendered":"<p>Des projets \u00e9ducatifs, sensoriels et culinaires adapt\u00e9s \u00e0 vos besoins Nous animons des temps de sensibilisation, jeux autour de l&#8217;acc\u00e8s \u00e0 l&#8217;alimentation et aux in\u00e9galit\u00e9s Nos publics Parce que tous les mangeurs sont diff\u00e9rents, nous adaptons et cr\u00e9ons nos animations \u00e0 chaque public. Vous avez un projet?<\/p>\n","protected":false},"author":1,"featured_media":0,"parent":0,"menu_order":0,"comment_status":"closed","ping_status":"closed","template":"","meta":{"_themeisle_gutenberg_block_has_review":false,"footnotes":""},"class_list":["post-34","page","type-page","status-publish","hentry"],"_links":{"self":[{"href":"http:\/\/sopadola.fr\/index.php?rest_route=\/wp\/v2\/pages\/34","targetHints":{"allow":["GET"]}}],"collection":[{"href":"http:\/\/sopadola.fr\/index.php?rest_route=\/wp\/v2\/pages"}],"about":[{"href":"http:\/\/sopadola.fr\/index.php?rest_route=\/wp\/v2\/types\/page"}],"author":[{"embeddable":true,"href":"http:\/\/sopadola.fr\/index.php?rest_route=\/wp\/v2\/users\/1"}],"replies":[{"embeddable":true,"href":"http:\/\/sopadola.fr\/index.php?rest_route=%2Fwp%2Fv2%2Fcomments&post=34"}],"version-history":[{"count":3,"href":"http:\/\/sopadola.fr\/index.php?rest_route=\/wp\/v2\/pages\/34\/revisions"}],"predecessor-version":[{"id":91,"href":"http:\/\/sopadola.fr\/index.php?rest_route=\/wp\/v2\/pages\/34\/revisions\/91"}],"wp:attachment":[{"href":"http:\/\/sopadola.fr\/index.php?rest_route=%2Fwp%2Fv2%2Fmedia&parent=34"}],"curies":[{"name":"wp","href":"https:\/\/api.w.org\/{rel}","templated":true}]}}